{"id":831,"date":"2025-10-23T15:36:56","date_gmt":"2025-10-23T13:36:56","guid":{"rendered":"https:\/\/festivaldelaterreauxetoiles.fr\/?page_id=831"},"modified":"2025-11-07T11:44:37","modified_gmt":"2025-11-07T10:44:37","slug":"articles","status":"publish","type":"page","link":"https:\/\/festivaldelaterreauxetoiles.fr\/?page_id=831","title":{"rendered":"Articles \u00e0 d\u00e9couvrir"},"content":{"rendered":"\n<p><strong>&#8211; Plongez dans l&rsquo;histoire de l&rsquo;astronomie \u00e0 Nantes<\/strong> !<br>D\u00e9couvrez comment l&rsquo;astronomie a marqu\u00e9 l&rsquo;histoire de Nantes \u00e0 travers une s\u00e9rie d&rsquo;articles passionnants disponibles sur <em>Nantes Patrimonia <\/em>!<br>Ces articles sont r\u00e9alis\u00e9s par l&rsquo;Association M\u00e9ridienne en collaboration avec  la Direction du patrimoine et de l&rsquo;arch\u00e9ologie de la Ville de Nantes et Nantes M\u00e9tropole.<\/p>\n\n\n\n<p><span style=\"color:#1560BD\"><strong>Lien<\/strong> : <\/span><a href=\"https:\/\/patrimonia.nantes.fr\/home\/actualites\/dossier--astronomie-a-nantes.html\">Consultez les articles sur Nantes Patrimonia <\/a><\/p>\n\n\n\n<hr class=\"wp-block-separator has-text-color has-black-color has-alpha-channel-opacity has-black-background-color has-background is-style-default\"\/>\n\n\n\n<p><strong>&#8211; Envie de tout savoir sur l&rsquo;actualit\u00e9 de la culture scientifique \u00e0 Nantes ?<\/strong><br>Alors rendez-vous <em>sur le site Echosciences Nantes, en partenariat avec Tactiss<\/em> pour ne rien manquer de l&rsquo;astronomie et des initiatives locales ! Vous y retrouverez l&rsquo;agenda des \u00e9v\u00e9nements, les actus astro et de nombreux autres articles pour nourrir votre curiosit\u00e9 ! <\/p>\n\n\n\n<p><span style=\"color:#1560BD\"><strong>Lien<\/strong> : <\/span><a href=\"https:\/\/www.echosciences-nantesmetropole.fr\/\">Echosciences Nantes<\/a><\/p>\n\n\n\n<p><\/p>\n","protected":false},"excerpt":{"rendered":"<p>&#8211; Plongez dans l&rsquo;histoire de l&rsquo;astronomie \u00e0 Nantes !D\u00e9couvrez comment l&rsquo;astronomie a marqu\u00e9 l&rsquo;histoire de Nantes \u00e0 travers une s\u00e9rie d&rsquo;articles passionnants disponibles sur Nantes Patrimonia !Ces articles sont r\u00e9alis\u00e9s par l&rsquo;Association M\u00e9ridienne en collaboration avec la Direction du patrimoine et de l&rsquo;arch\u00e9ologie de la Ville de Nantes et Nantes M\u00e9tropole. Lien : Consultez les [&hellip;]<\/p>\n","protected":false},"author":2,"featured_media":0,"parent":0,"menu_order":0,"comment_status":"closed","ping_status":"closed","template":"","meta":{"footnotes":""},"class_list":["post-831","page","type-page","status-publish","hentry"],"_links":{"self":[{"href":"https:\/\/festivaldelaterreauxetoiles.fr\/index.php?rest_route=\/wp\/v2\/pages\/831","targetHints":{"allow":["GET"]}}],"collection":[{"href":"https:\/\/festivaldelaterreauxetoiles.fr\/index.php?rest_route=\/wp\/v2\/pages"}],"about":[{"href":"https:\/\/festivaldelaterreauxetoiles.fr\/index.php?rest_route=\/wp\/v2\/types\/page"}],"author":[{"embeddable":true,"href":"https:\/\/festivaldelaterreauxetoiles.fr\/index.php?rest_route=\/wp\/v2\/users\/2"}],"replies":[{"embeddable":true,"href":"https:\/\/festivaldelaterreauxetoiles.fr\/index.php?rest_route=%2Fwp%2Fv2%2Fcomments&post=831"}],"version-history":[{"count":6,"href":"https:\/\/festivaldelaterreauxetoiles.fr\/index.php?rest_route=\/wp\/v2\/pages\/831\/revisions"}],"predecessor-version":[{"id":1395,"href":"https:\/\/festivaldelaterreauxetoiles.fr\/index.php?rest_route=\/wp\/v2\/pages\/831\/revisions\/1395"}],"wp:attachment":[{"href":"https:\/\/festivaldelaterreauxetoiles.fr\/index.php?rest_route=%2Fwp%2Fv2%2Fmedia&parent=831"}],"curies":[{"name":"wp","href":"https:\/\/api.w.org\/{rel}","templated":true}]}}