{"id":707,"date":"2025-09-22T10:32:18","date_gmt":"2025-09-22T08:32:18","guid":{"rendered":"https:\/\/festivaldelaterreauxetoiles.fr\/?page_id=707"},"modified":"2025-11-27T15:51:13","modified_gmt":"2025-11-27T14:51:13","slug":"le-festival","status":"publish","type":"page","link":"https:\/\/festivaldelaterreauxetoiles.fr\/?page_id=707","title":{"rendered":"Retour sur le Festival 2024"},"content":{"rendered":"\n<p><strong>Retour sur le Festival <em>De la Terre aux \u00c9toiles<\/em> 2024 en images et vid\u00e9o :<\/strong><\/p>\n\n\n\n<div class=\"wp-block-group\"><div class=\"wp-block-group__inner-container is-layout-constrained wp-block-group-is-layout-constrained\"><div class=\"wp-block-image is-style-default\">\n<figure class=\"aligncenter size-medium\"><a href=\"https:\/\/youtu.be\/W2pSmbr1Ui0\"><img loading=\"lazy\" decoding=\"async\" width=\"232\" height=\"300\" src=\"https:\/\/festivaldelaterreauxetoiles.fr\/wp-content\/uploads\/2025\/10\/Capture-decran-2025-10-16-154156-232x300.png\" alt=\"\" class=\"wp-image-936\" srcset=\"https:\/\/festivaldelaterreauxetoiles.fr\/wp-content\/uploads\/2025\/10\/Capture-decran-2025-10-16-154156-232x300.png 232w, https:\/\/festivaldelaterreauxetoiles.fr\/wp-content\/uploads\/2025\/10\/Capture-decran-2025-10-16-154156.png 518w\" sizes=\"auto, (max-width: 232px) 100vw, 232px\" \/><\/a><\/figure>\n<\/div><\/div><\/div>\n\n\n\n<p><strong>L\u2019astronomie \u00e0 Nantes :<br>toute une histoire<\/strong><br>De par son histoire maritime, Nantes est une ville qui s\u2019est tr\u00e8s t\u00f4t tourn\u00e9e<br>vers l\u2019Astronomie. Depuis 1672, quatre observatoires s\u2019y sont succ\u00e9d\u00e9s.<br>Indispensables pour calibrer les instruments de navigation, ils ont form\u00e9<br>nombre de marins.<br>Depuis cette \u00e9poque, l\u2019Astronomie a jalonn\u00e9 notre territoire, avec l\u2019observatoire<br>chronom\u00e9trique en 1823, puis celui de la Marine en 1828, et les<br>premi\u00e8res acquisitions de m\u00e9t\u00e9orites dans les collections du Mus\u00e9um<br>durant ces m\u00eames ann\u00e9es. La premi\u00e8re Soci\u00e9t\u00e9 d\u2019Astronomie de Nantes est<br>fond\u00e9e en 1884 par Camille Flammarion lui-m\u00eame, et en 1981, le troisi\u00e8me<br>plan\u00e9tarium de France s\u2019installe \u00e0 Nantes. Plus r\u00e9cemment, un laboratoire<br>de recherche de renomm\u00e9e internationale a ouvert ses portes en 2000<br>\u00e0 l\u2019Universit\u00e9 de Nantes.<\/p>\n\n\n\n<p><\/p>\n\n\n\n<p><br><strong>Le festival :<\/strong><br><strong>moment de partage des connaissances<\/strong><br>Aujourd\u2019hui, nombres d\u2019acteurs locaux oeuvrent dans les diff\u00e9rents<br>domaines que couvre l\u2019Astronomie. Ils ont d\u00e9cid\u00e9 d\u2019organiser ensemble<br>un \u00e9v\u00e9nement m\u00e9tropolitain pour partager avec le public et les scolaires,<br>les connaissances actuelles ainsi que leur passion pour le Ciel et l\u2019Univers<br>qui nous entourent.<br>Dans un monde en pleines transitions, notre place dans l\u2019Univers et sur<br>la Terre sera questionn\u00e9e, la d\u00e9marche scientifique illustrera les sujets<br>modernes de science, d\u2019environnement, d\u2019\u00e9galit\u00e9\u2026 et incitera le public \u00e0<br>prendre part \u00e0 toutes ces \u00e9volutions.<\/p>\n\n\n\n<p><\/p>\n\n\n\n<p><\/p>\n\n\n\n<p><\/p>\n\n\n\n<p><strong>La 1\u00e8re \u00e9dition du festival en 2024 :<\/strong><br><strong>a rencontr\u00e9 un vif succ\u00e8s, avec :<\/strong><\/p>\n\n\n\n<ul class=\"wp-block-list\">\n<li>plus de 7 000 visiteurs,<\/li>\n\n\n\n<li>70 \u00e9v\u00e9nements, <\/li>\n\n\n\n<li>16 lieux <\/li>\n\n\n\n<li>r\u00e9partis sur 6 communes <\/li>\n\n\n\n<li>impliquant 26 partenaires&#8230;<\/li>\n<\/ul>\n\n\n\n<p>Port\u00e9 par le <strong>Plan\u00e9tarium de Nantes M\u00e9tropole<\/strong>, le <strong>Laboratoire de Plan\u00e9tologie et G\u00e9osciences<\/strong>, la <strong>Soci\u00e9t\u00e9 d&rsquo;Astronomie de Nantes<\/strong> et l&rsquo;<strong>Association M\u00e9ridienne<\/strong>, le festival \u00ab\u00a0De la Terre aux Etoiles\u00a0\u00bb r\u00e9unit des scientifiques, m\u00e9diateurs culturels, artistes et passionn\u00e9s d&rsquo;astronomie. <\/p>\n\n\n\n<figure class=\"wp-block-image size-full\"><img loading=\"lazy\" decoding=\"async\" width=\"500\" height=\"713\" src=\"https:\/\/festivaldelaterreauxetoiles.fr\/wp-content\/uploads\/2023\/12\/Festival_Astronomie_HD_web_500px.png\" alt=\"\" class=\"wp-image-597\" srcset=\"https:\/\/festivaldelaterreauxetoiles.fr\/wp-content\/uploads\/2023\/12\/Festival_Astronomie_HD_web_500px.png 500w, https:\/\/festivaldelaterreauxetoiles.fr\/wp-content\/uploads\/2023\/12\/Festival_Astronomie_HD_web_500px-210x300.png 210w\" sizes=\"auto, (max-width: 500px) 100vw, 500px\" \/><\/figure>\n\n\n\n<p><\/p>\n","protected":false},"excerpt":{"rendered":"<p>Retour sur le Festival De la Terre aux \u00c9toiles 2024 en images et vid\u00e9o : L\u2019astronomie \u00e0 Nantes :toute une histoireDe par son histoire maritime, Nantes est une ville qui s\u2019est tr\u00e8s t\u00f4t tourn\u00e9evers l\u2019Astronomie. Depuis 1672, quatre observatoires s\u2019y sont succ\u00e9d\u00e9s.Indispensables pour calibrer les instruments de navigation, ils ont form\u00e9nombre de marins.Depuis cette \u00e9poque, [&hellip;]<\/p>\n","protected":false},"author":2,"featured_media":0,"parent":0,"menu_order":0,"comment_status":"closed","ping_status":"closed","template":"","meta":{"footnotes":""},"class_list":["post-707","page","type-page","status-publish","hentry"],"_links":{"self":[{"href":"https:\/\/festivaldelaterreauxetoiles.fr\/index.php?rest_route=\/wp\/v2\/pages\/707","targetHints":{"allow":["GET"]}}],"collection":[{"href":"https:\/\/festivaldelaterreauxetoiles.fr\/index.php?rest_route=\/wp\/v2\/pages"}],"about":[{"href":"https:\/\/festivaldelaterreauxetoiles.fr\/index.php?rest_route=\/wp\/v2\/types\/page"}],"author":[{"embeddable":true,"href":"https:\/\/festivaldelaterreauxetoiles.fr\/index.php?rest_route=\/wp\/v2\/users\/2"}],"replies":[{"embeddable":true,"href":"https:\/\/festivaldelaterreauxetoiles.fr\/index.php?rest_route=%2Fwp%2Fv2%2Fcomments&post=707"}],"version-history":[{"count":20,"href":"https:\/\/festivaldelaterreauxetoiles.fr\/index.php?rest_route=\/wp\/v2\/pages\/707\/revisions"}],"predecessor-version":[{"id":1553,"href":"https:\/\/festivaldelaterreauxetoiles.fr\/index.php?rest_route=\/wp\/v2\/pages\/707\/revisions\/1553"}],"wp:attachment":[{"href":"https:\/\/festivaldelaterreauxetoiles.fr\/index.php?rest_route=%2Fwp%2Fv2%2Fmedia&parent=707"}],"curies":[{"name":"wp","href":"https:\/\/api.w.org\/{rel}","templated":true}]}}