{"id":50,"date":"2023-10-23T15:52:21","date_gmt":"2023-10-23T13:52:21","guid":{"rendered":"https:\/\/festivaldelaterreauxetoiles.fr\/?page_id=50"},"modified":"2026-01-20T13:50:47","modified_gmt":"2026-01-20T12:50:47","slug":"conferences","status":"publish","type":"page","link":"https:\/\/festivaldelaterreauxetoiles.fr\/?page_id=50","title":{"rendered":"Conf\u00e9rences"},"content":{"rendered":"\n<p>&#8211; <strong>\u00ab\u00a0Le Ciel des amateurs\u00a0\u00bb <\/strong>par les b\u00e9n\u00e9voles du Club des Observateurs de la Chapelle sur Erdre, Le Cocher<br><span style=\"color:#1560BD\"><strong>Les samedis 10 et 17 janvier \u00e0 14h<\/strong> <\/span><br><span style=\"color:#1560BD\">Maison de la Nature, esplanade devant le Ch\u00e2teau de l&rsquo;Hopitau \u00e0 La Chapelle-sur-Erdre &#8211; Grand public &#8211; Gratuit, entr\u00e9e libre dans la limite des places disponibles<\/span><\/p>\n\n\n\n<hr class=\"wp-block-separator has-text-color has-black-color has-alpha-channel-opacity has-black-background-color has-background is-style-default\"\/>\n\n\n\n<p>&#8211; <strong>\u00ab\u00a0Le grand tout du syst\u00e8me solaire avec Voyager\u00a0\u00bb  <\/strong>par les b\u00e9n\u00e9voles du Club des Observateurs de la Chapelle sur Erdre, Le Cocher<br><span style=\"color:#1560BD\"><strong>Les samedis 10 et 17 janvier \u00e0 14h<\/strong> <\/span><br><span style=\"color:#1560BD\">Maison de la Nature, esplanade devant le Ch\u00e2teau de l&rsquo;Hopitau \u00e0 La Chapelle-sur-Erdre &#8211; Grand public &#8211; Gratuit, entr\u00e9e libre dans la limite des places disponibles<\/span><\/p>\n\n\n\n<hr class=\"wp-block-separator has-text-color has-black-color has-alpha-channel-opacity has-black-background-color has-background is-style-default\"\/>\n\n\n\n<p class=\"has-accent-color has-text-color has-link-color wp-elements-9716320b765d6b78cb5e5350944fb4c1\">&#8211; <strong>\u00ab\u00a0Oc\u00e9ans extraterrestres : regards crois\u00e9s entre art et science\u00a0\u00bb <\/strong>avec <br>Em de Korzak, artiste pluridisciplinaire et Christophe Sotin, plan\u00e9tologue au Laboratoire de Plan\u00e9tologie et G\u00e9osciences et \u00e0 l&rsquo;Osuna<br>&gt; <span style=\"color:#1560BD\"><strong>Samedi 10 janvier \u00e0 16h<\/strong><\/span><br>&gt; <span style=\"color:#1560BD\"><strong>Jeudi 15 janvier \u00e0 14h<\/strong><\/span><br><span style=\"color:#1560BD\">Ecole des Beaux Arts &#8211; Grand public &#8211; Gratuit<\/span> &#8211; Entr\u00e9e libre<\/p>\n\n\n\n<figure class=\"wp-block-image size-large\"><img loading=\"lazy\" decoding=\"async\" width=\"1024\" height=\"693\" src=\"https:\/\/festivaldelaterreauxetoiles.fr\/wp-content\/uploads\/2025\/10\/Collage-Em-01-1024x693.jpg\" alt=\"\" class=\"wp-image-1266\" srcset=\"https:\/\/festivaldelaterreauxetoiles.fr\/wp-content\/uploads\/2025\/10\/Collage-Em-01-1024x693.jpg 1024w, https:\/\/festivaldelaterreauxetoiles.fr\/wp-content\/uploads\/2025\/10\/Collage-Em-01-300x203.jpg 300w, https:\/\/festivaldelaterreauxetoiles.fr\/wp-content\/uploads\/2025\/10\/Collage-Em-01-768x520.jpg 768w, https:\/\/festivaldelaterreauxetoiles.fr\/wp-content\/uploads\/2025\/10\/Collage-Em-01-1536x1040.jpg 1536w, https:\/\/festivaldelaterreauxetoiles.fr\/wp-content\/uploads\/2025\/10\/Collage-Em-01-900x609.jpg 900w, https:\/\/festivaldelaterreauxetoiles.fr\/wp-content\/uploads\/2025\/10\/Collage-Em-01-1280x866.jpg 1280w, https:\/\/festivaldelaterreauxetoiles.fr\/wp-content\/uploads\/2025\/10\/Collage-Em-01.jpg 1900w\" sizes=\"auto, (max-width: 1024px) 100vw, 1024px\" \/><figcaption class=\"wp-element-caption\"><em>Cr\u00e9dit : Em<\/em> <em>de korsak<\/em><\/figcaption><\/figure>\n\n\n\n<hr class=\"wp-block-separator has-text-color has-black-color has-alpha-channel-opacity has-black-background-color has-background is-style-default\"\/>\n\n\n\n<p>&#8211; <strong>Les \u00c9chapp\u00e9es Inattendues du CNRS \/<\/strong> La science racont\u00e9e par le CNRS<br><span style=\"color:#1560BD\"><strong>Samedi 17 janvier de 14h \u00e0 18h<\/strong> &#8211; Halle 6 Ouest sur l&rsquo;\u00eele de Nantes<br><strong>Conditions d&rsquo;acc\u00e8s<\/strong> : Gratuit,  entr\u00e9e libre  \/ <strong>Public<\/strong> : Grand public<\/span> &#8211; accessible \u00e0 partir de 8 ans<\/p>\n\n\n\n<div class=\"wp-block-media-text has-media-on-the-right is-stacked-on-mobile is-vertically-aligned-center\" style=\"grid-template-columns:auto 57%\"><div class=\"wp-block-media-text__content\">\n<p><span style=\"color:#1560BD\"><strong>&gt; Conf\u00e9rence immersive \u00ab\u00a0On a roul\u00e9 sur Mars\u00a0\u00bb<\/strong><\/span> <em>par St\u00e9phane Le Mou\u00e9lic, plan\u00e9tologue au Laboratoire de plan\u00e9tologie et g\u00e9osciences et \u00e0 l&rsquo;Observatoire des sciences de l&rsquo;univers Nantes atlantique <\/em><span style=\"color:#1560BD\"><strong>\u00e0 14h et \u00e0 16h (45min\/s\u00e9ance) &#8211; Salle XL <\/strong><\/span><\/p>\n<\/div><figure class=\"wp-block-media-text__media\"><img loading=\"lazy\" decoding=\"async\" width=\"768\" height=\"432\" src=\"https:\/\/festivaldelaterreauxetoiles.fr\/wp-content\/uploads\/2025\/10\/DR17-1-768x432-1.jpg\" alt=\"\" class=\"wp-image-1054 size-full\" srcset=\"https:\/\/festivaldelaterreauxetoiles.fr\/wp-content\/uploads\/2025\/10\/DR17-1-768x432-1.jpg 768w, https:\/\/festivaldelaterreauxetoiles.fr\/wp-content\/uploads\/2025\/10\/DR17-1-768x432-1-300x169.jpg 300w\" sizes=\"auto, (max-width: 768px) 100vw, 768px\" \/><\/figure><\/div>\n\n\n\n<div class=\"wp-block-media-text has-media-on-the-right is-stacked-on-mobile\" style=\"grid-template-columns:auto 56%\"><div class=\"wp-block-media-text__content\">\n<p><span style=\"color:#1560BD\"><strong>Conf\u00e9rence immersive \u00ab\u00a0A la poursuite du flocon de mer\u00a0\u00bb <\/strong> <\/span><em>par Simon Rondeau, alias Melvak, vulgarisateur scientifique. En pr\u00e9sence de Laurent M\u00e9mery, oc\u00e9anographe au laboratoire des sciences de l&rsquo;environnement marin<\/em> <span style=\"color:#1560BD\"><strong>\u00e0 15h et \u00e0 17h (45 min\/s\u00e9ance) &#8211; Salle XL <\/strong><\/span><\/p>\n<\/div><figure class=\"wp-block-media-text__media\"><img loading=\"lazy\" decoding=\"async\" width=\"624\" height=\"351\" src=\"https:\/\/festivaldelaterreauxetoiles.fr\/wp-content\/uploads\/2025\/10\/DR17.jpg\" alt=\"\" class=\"wp-image-1055 size-full\" srcset=\"https:\/\/festivaldelaterreauxetoiles.fr\/wp-content\/uploads\/2025\/10\/DR17.jpg 624w, https:\/\/festivaldelaterreauxetoiles.fr\/wp-content\/uploads\/2025\/10\/DR17-300x169.jpg 300w\" sizes=\"auto, (max-width: 624px) 100vw, 624px\" \/><\/figure><\/div>\n\n\n\n<p class=\"has-normal-font-size\"><span style=\"color:#1560BD\"><strong>Conf\u00e9rences \u00ab\u00a0Hors champs\u00a0\u00bb : <\/strong><\/span><br><span style=\"color:#1560BD\"><strong>&gt; Projection du film \u00ab\u00a0Alaska, le sol se d\u00e9robe\u00a0\u00bb et discussion (15 min)<\/strong><\/span> <em>par Susan Conway, g\u00e9omorphologue au Laboratoire de plan\u00e9tologie et g\u00e9osciences et \u00e0 l&rsquo;Osuna <\/em><span style=\"color:#1560BD\"><strong><span style=\"color:#1560BD\"><strong>\u00e0<\/strong><\/span><\/strong><\/span> <span style=\"color:#1560BD\"><strong>14h30 et \u00e0 16h (30min\/s\u00e9ance) &#8211; Salle Cube &#8211; Projection film CNRS images <\/strong><\/span><br><br><span style=\"color:#1560BD\"><strong>&gt; Projections des deux films \u00ab\u00a0Un fleuve dans le d\u00e9sert\u00a0\u00bb <span style=\"color:#1560BD\"><strong>et discussion (15 min)<\/strong><\/span><\/strong><\/span> <em>par Olivier Dauteuil, g\u00e9omorphologue \u00e0 G\u00e9osciences Rennes &amp; Marc Jolivet, g\u00e9omorphologue \u00e0 l&rsquo;Institut de physique du globe de Paris<\/em><br><span style=\"color:#1560BD\"><strong>et \u00ab\u00a0Rwanda face aux glissements de terrain\u00a0\u00bb <span style=\"color:#1560BD\"><strong>et discussion (15 min)<\/strong><\/span><\/strong><\/span> <em>par Olivier Dauteuil, g\u00e9omorphologue \u00e0 G\u00e9osciences Rennes &amp; Marc Jolivet, g\u00e9omorphologue \u00e0 l&rsquo;Institut de physique du globe de Paris<\/em> <span style=\"color:#1560BD\"><strong><span style=\"color:#1560BD\"><strong>\u00e0<\/strong><\/span><\/strong><\/span> <span style=\"color:#1560BD\"><strong>15h et \u00e0 16h30 (1h<span style=\"color:#1560BD\"><strong>\/s\u00e9ance<\/strong><\/span>) &#8211; Salle Cube  <\/strong><\/span>:<\/p>\n\n\n<div class=\"wp-block-image\">\n<figure class=\"aligncenter size-large is-resized\"><img loading=\"lazy\" decoding=\"async\" width=\"1024\" height=\"575\" src=\"https:\/\/festivaldelaterreauxetoiles.fr\/wp-content\/uploads\/2025\/10\/20230906_134755-1024x575.jpg\" alt=\"\" class=\"wp-image-1053\" style=\"width:474px;height:auto\" srcset=\"https:\/\/festivaldelaterreauxetoiles.fr\/wp-content\/uploads\/2025\/10\/20230906_134755-1024x575.jpg 1024w, https:\/\/festivaldelaterreauxetoiles.fr\/wp-content\/uploads\/2025\/10\/20230906_134755-300x169.jpg 300w, https:\/\/festivaldelaterreauxetoiles.fr\/wp-content\/uploads\/2025\/10\/20230906_134755-768x431.jpg 768w, https:\/\/festivaldelaterreauxetoiles.fr\/wp-content\/uploads\/2025\/10\/20230906_134755-900x506.jpg 900w, https:\/\/festivaldelaterreauxetoiles.fr\/wp-content\/uploads\/2025\/10\/20230906_134755.jpg 1100w\" sizes=\"auto, (max-width: 1024px) 100vw, 1024px\" \/><\/figure>\n<\/div>\n\n\n<p><span style=\"color:#1560BD\"><strong>Conf\u00e9rence d\u00e9mo: <\/strong><\/span><br><span style=\"color:#1560BD\"><strong>&gt; \u00ab\u00a0Les supers-pouvoirs des min\u00e9raux : \u00e0 la recherche des premiers continents terrestres\u00a0\u00bb<\/strong><\/span> <em>par Emilie Bruand, g\u00e9ologue \u00e0 G\u00e9o-Oc\u00e9an<\/em> <span style=\"color:#1560BD\"><strong>\u00e0 14h et \u00e0 16h (45min\/s\u00e9ance) &#8211; Salle 2\u00e8me \u00e9tage <\/strong><\/span><\/p>\n\n\n\n<p><span style=\"color:#1560BD\"><strong>Micro-conf\u00e9rences (45min\/s\u00e9ance) : <\/strong><\/span><br><span style=\"color:#1560BD\"><strong>&gt; \u00ab\u00a0Jusqu&rsquo;o\u00f9 iront les robots ?\u00a0\u00bb<\/strong><\/span> <em>par Nicolas Mangold, g\u00e9ologue au Laboratoire de plan\u00e9tologie et g\u00e9osciences et \u00e0 l&rsquo;Osuna, Jean-Pierre Gazeau, roboticien \u00e0 l&rsquo;Institut PPRIME et Christine Chevallereau, roboticienne au Laboratoire des sciences du num\u00e9rique de Nantes <\/em><span style=\"color:#1560BD\"><strong>\u00e0 14h et \u00e0 16h &#8211; Caf\u00e9t<\/strong><\/span><\/p>\n\n\n\n<p><br><span style=\"color:#1560BD\"><strong>&gt; \u00ab\u00a0\u00c9couter les bruits des mondes\u00a0\u00bb <\/strong> <\/span><em>par Micka\u00ebl Bonnin, sismologue au Laboratoire de plan\u00e9tologie et g\u00e9osciences et \u00e0 l&rsquo;Osuna, Cl\u00e9ment Perrin, sismologue au Laboratoire de plan\u00e9tologie et g\u00e9osciences et \u00e0 l&rsquo;Osuna et Youenn J\u00e9z\u00e9quel, bioacousticien au laboratoire des sciences de l&rsquo;environnement marin <\/em><span style=\"color:#1560BD\"><strong>\u00e0 15h et \u00e0 17h &#8211; Caf\u00e9t<\/strong><\/span><\/p>\n\n\n\n<p><span style=\"color:#1560BD\"><strong>&gt; \u00ab\u00a0Estuaire de la Loire : histoires d&rsquo;eau et de territoire<\/strong><\/span> <span style=\"color:#1560BD\"><strong>\u00a0\u00bb <\/strong><\/span><em> avec Edouard Metzger, g\u00e9ochimiste oc\u00e9anographe au Laboratoire de plan\u00e9tologie et g\u00e9osciences et \u00e0 l&rsquo;Osuna, Anna Mesclon, sociologue au Centre nantais de sociologie et Ga\u00ebtan Levillain, historien au Laboratoire Espaces et Soci\u00e9t\u00e9s <\/em><span style=\"color:#1560BD\"><strong>\u00e0 15h et \u00e0 17h &#8211; Salle 2\u00e8me \u00e9tage<\/strong><\/span><\/p>\n\n\n\n<hr class=\"wp-block-separator has-text-color has-black-color has-alpha-channel-opacity has-black-background-color has-background is-style-default\"\/>\n\n\n\n<p><br><strong>Dans le cadre de la 35\u00e8me semaine de l&rsquo;Astronomie organis\u00e9e par la Soci\u00e9t\u00e9 d&rsquo;Astronomie de Nantes, cinq conf\u00e9rences sont propos\u00e9es :<\/strong><\/p>\n\n\n\n<figure class=\"wp-block-image size-large\"><img loading=\"lazy\" decoding=\"async\" width=\"1024\" height=\"473\" src=\"https:\/\/festivaldelaterreauxetoiles.fr\/wp-content\/uploads\/2025\/10\/20250307_211111-1024x473.jpg\" alt=\"\" class=\"wp-image-1108\" srcset=\"https:\/\/festivaldelaterreauxetoiles.fr\/wp-content\/uploads\/2025\/10\/20250307_211111-1024x473.jpg 1024w, https:\/\/festivaldelaterreauxetoiles.fr\/wp-content\/uploads\/2025\/10\/20250307_211111-300x139.jpg 300w, https:\/\/festivaldelaterreauxetoiles.fr\/wp-content\/uploads\/2025\/10\/20250307_211111-768x355.jpg 768w, https:\/\/festivaldelaterreauxetoiles.fr\/wp-content\/uploads\/2025\/10\/20250307_211111-900x416.jpg 900w, https:\/\/festivaldelaterreauxetoiles.fr\/wp-content\/uploads\/2025\/10\/20250307_211111.jpg 1100w\" sizes=\"auto, (max-width: 1024px) 100vw, 1024px\" \/><\/figure>\n\n\n\n<p>&#8211; <strong>\u00ab\u00a0Derni\u00e8res nouvelles du cosmos\u00a0\u00bb <\/strong>par <em>Yann Mambrini<\/em><br><span style=\"color:#1560BD\"><strong>Lundi 19 janvier \u00e0 21h<\/strong><\/span><\/p>\n\n\n\n<div class=\"wp-block-group is-nowrap is-layout-flex wp-container-core-group-is-layout-ad2f72ca wp-block-group-is-layout-flex\">\n<p class=\"has-black-color has-text-color has-link-color wp-elements-90fef2213263553d4f6a9858d900ee1b\">&#8211; <strong>\u00ab\u00a0La naissance des \u00e9toiles et des plan\u00e8tes r\u00e9v\u00e9l\u00e9e par le James Webb et ALMA\u00a0\u00bb <\/strong><em>par Sylvie Cabrit<\/em><br><span style=\"color:#1560BD\"><strong>Mardi 20 janvier \u00e0 21h<\/strong><\/span> <strong>&#8211; ANNUL\u00c9<\/strong><\/p>\n\n\n\n<figure class=\"wp-block-image size-full is-resized\"><img loading=\"lazy\" decoding=\"async\" width=\"1010\" height=\"385\" src=\"https:\/\/festivaldelaterreauxetoiles.fr\/wp-content\/uploads\/2026\/01\/Evenement-annule-1.jpg\" alt=\"\" class=\"wp-image-1621\" style=\"aspect-ratio:2.623467897677234;width:186px;height:auto\" srcset=\"https:\/\/festivaldelaterreauxetoiles.fr\/wp-content\/uploads\/2026\/01\/Evenement-annule-1.jpg 1010w, https:\/\/festivaldelaterreauxetoiles.fr\/wp-content\/uploads\/2026\/01\/Evenement-annule-1-300x114.jpg 300w, https:\/\/festivaldelaterreauxetoiles.fr\/wp-content\/uploads\/2026\/01\/Evenement-annule-1-768x293.jpg 768w, https:\/\/festivaldelaterreauxetoiles.fr\/wp-content\/uploads\/2026\/01\/Evenement-annule-1-900x343.jpg 900w\" sizes=\"auto, (max-width: 1010px) 100vw, 1010px\" \/><\/figure>\n<\/div>\n\n\n\n<p>&#8211; <strong>\u00ab\u00a0Un si\u00e8cle d\u2019astrophysique qui a r\u00e9volutionn\u00e9 notre ciel\u00a0\u00bb <\/strong><em>par Jean Philippe Uzan<\/em><br><span style=\"color:#1560BD\"><strong>Mercredi 21 janvier \u00e0 21h<\/strong><\/span><\/p>\n\n\n\n<p>&#8211; <strong>\u00ab\u00a0Observer la naissance des premi\u00e8res \u00e9toiles de l\u2019Univers\u00a0\u00bb <\/strong>par <em>Ad\u00e9lie Gorce<\/em><br><span style=\"color:#1560BD\"><strong>Jeudi 22 janvier \u00e0 21h<\/strong> <\/span><\/p>\n\n\n\n<p>&#8211; <strong>\u00ab\u00a0Destination Cosmos \u2013 un voyage touristique \u00e0 travers l\u2019Univers\u00a0\u00bb <\/strong>par <em>S\u00e9bastien Carassou<\/em><br><span style=\"color:#1560BD\"><strong>Vendredi 23 janvier \u00e0 21h<\/strong><\/span><\/p>\n\n\n\n<p class=\"has-accent-color has-text-color has-link-color wp-elements-255c221b9fb3c1fd3274c9739c7fac98\"><strong>Retrouvez la description de chaque conf\u00e9rence directement sur le site web de la Soci\u00e9t\u00e9 d&rsquo;Astronomie de Nantes <a href=\"https:\/\/www.san.asso.fr\/conferences\/saison-en-cours\">ICI<\/a><\/strong>.<\/p>\n\n\n\n<p><span style=\"color:#1560BD\"><strong>Conditions<\/strong> &#8211; <span style=\"color:#1560BD\">Notre Dame de toutes aides<\/span> 14 rue des Epinettes \u00e0 Nantes &#8211; Grand public &#8211; Payant et r\u00e9servation conseill\u00e9e via la <a href=\"https:\/\/www.san.asso.fr\/conferences\/saison-en-cours\">billetterie en ligne <\/a><\/span><\/p>\n\n\n\n<hr class=\"wp-block-separator has-text-color has-black-color has-alpha-channel-opacity has-black-background-color has-background is-style-default\"\/>\n\n\n\n<p><strong>Quizz Brain &amp; Brunch sp\u00e9cial \u00ab\u00a0Astronomie\u00a0\u00bb<\/strong> anim\u00e9 par le service communication de la Facult\u00e9 des Sciences et<strong> conf\u00e9rence  \u00ab\u00a0Voir l\u2019invisible \u2013 A la d\u00e9couverte des plan\u00e8tes qui nous entourent\u00a0\u00bb <\/strong>par St\u00e9phane Le Mou\u00e9lic, plan\u00e9tologue CNRS au Laboratoire de Plan\u00e9tologie et G\u00e9osciences et \u00e0 l&rsquo;Osuna. <a href=\"https:\/\/festivaldelaterreauxetoiles.fr\/wp-content\/uploads\/2025\/12\/Festival-DelaTerreauxetoiles_Quiz_Conf_expo_UFR_Sciences.pdf\">En savoir plus<\/a><\/p>\n\n\n\n<p><span style=\"color:#1560BD\"><strong>Jeudi 22 janvier \u00e0 13h \/<\/strong> Amphi A de la Facult\u00e9 des Sciences de Nantes Universit\u00e9 (b\u00e2t.A) &#8211; Gratuit sans r\u00e9servation<\/span><\/p>\n\n\n\n<p><\/p>\n","protected":false},"excerpt":{"rendered":"<p>&#8211; \u00ab\u00a0Le Ciel des amateurs\u00a0\u00bb par les b\u00e9n\u00e9voles du Club des Observateurs de la Chapelle sur Erdre, Le CocherLes samedis 10 et 17 janvier \u00e0 14h Maison de la Nature, esplanade devant le Ch\u00e2teau de l&rsquo;Hopitau \u00e0 La Chapelle-sur-Erdre &#8211; Grand public &#8211; Gratuit, entr\u00e9e libre dans la limite des places disponibles &#8211; \u00ab\u00a0Le grand [&hellip;]<\/p>\n","protected":false},"author":1,"featured_media":0,"parent":0,"menu_order":0,"comment_status":"closed","ping_status":"closed","template":"","meta":{"footnotes":""},"class_list":["post-50","page","type-page","status-publish","hentry"],"_links":{"self":[{"href":"https:\/\/festivaldelaterreauxetoiles.fr\/index.php?rest_route=\/wp\/v2\/pages\/50","targetHints":{"allow":["GET"]}}],"collection":[{"href":"https:\/\/festivaldelaterreauxetoiles.fr\/index.php?rest_route=\/wp\/v2\/pages"}],"about":[{"href":"https:\/\/festivaldelaterreauxetoiles.fr\/index.php?rest_route=\/wp\/v2\/types\/page"}],"author":[{"embeddable":true,"href":"https:\/\/festivaldelaterreauxetoiles.fr\/index.php?rest_route=\/wp\/v2\/users\/1"}],"replies":[{"embeddable":true,"href":"https:\/\/festivaldelaterreauxetoiles.fr\/index.php?rest_route=%2Fwp%2Fv2%2Fcomments&post=50"}],"version-history":[{"count":132,"href":"https:\/\/festivaldelaterreauxetoiles.fr\/index.php?rest_route=\/wp\/v2\/pages\/50\/revisions"}],"predecessor-version":[{"id":1626,"href":"https:\/\/festivaldelaterreauxetoiles.fr\/index.php?rest_route=\/wp\/v2\/pages\/50\/revisions\/1626"}],"wp:attachment":[{"href":"https:\/\/festivaldelaterreauxetoiles.fr\/index.php?rest_route=%2Fwp%2Fv2%2Fmedia&parent=50"}],"curies":[{"name":"wp","href":"https:\/\/api.w.org\/{rel}","templated":true}]}}