{"id":40,"date":"2023-10-23T15:47:56","date_gmt":"2023-10-23T13:47:56","guid":{"rendered":"https:\/\/festivaldelaterreauxetoiles.fr\/?page_id=40"},"modified":"2025-11-26T13:54:33","modified_gmt":"2025-11-26T12:54:33","slug":"observations","status":"publish","type":"page","link":"https:\/\/festivaldelaterreauxetoiles.fr\/?page_id=40","title":{"rendered":"Observations"},"content":{"rendered":"\n<p>&#8211; Le <strong>Club des Observateurs de la Chapelle-sur-Erdre<\/strong> et <strong>Le Cocher <\/strong>propose :<br>&gt; <strong>des s\u00e9ances d&rsquo;observation du Soleil (visible et H-alpha) <\/strong>les samedis <strong>10 janvier et 17 janvier \u00e0 partir de 14h<\/strong>, devant le <strong>Ch\u00e2teau de l&rsquo;Hopitau \u00e0 la Chapelle-sur-Erdre<\/strong>,<br>&gt; <strong>des s\u00e9ances d&rsquo;observations du ciel profond et des plan\u00e8tes visibles<\/strong> les samedi <b>10 janvier et 17 janvier<\/b><mark style=\"background-color: rgba(0, 0, 0, 0);\" class=\"has-inline-color has-accent-color\"><b> <\/b><\/mark><strong>de 19h \u00e0 minuit<\/strong>, devant le <strong>Ch\u00e2teau de l&rsquo;Hopitau et sur le parvis de la Maison de La Nature \u00e0 la Chapelle-sur-Erdre<\/strong>.<\/p>\n\n\n\n<p class=\"has-accent-color has-text-color has-link-color wp-elements-856ab630ae46251230aeb57d2f091fa6\"><strong>Infos pratiques :<\/strong><br>\ud83c\udfaf Esplanade du ch\u00e2teau de l&rsquo;Hopitau \u00e0 la Chapelle sur Erdre<br>\ud83d\udcc5 Les samedis 10 et 17 janvier \u00e0 partir de 14h et de 19h \u00e0 minuit<br><span style=\"color:#1560BD\">\ud83c\udf9f\ufe0f<\/span> Entr\u00e9e libre &#8211; Gratuit<br>\ud83d\udc67 <span style=\"color:#1560BD\">Grand public<\/span><\/p>\n\n\n\n<hr class=\"wp-block-separator has-text-color has-black-color has-alpha-channel-opacity has-black-background-color has-background is-style-default\"\/>\n\n\n\n<p><br>&#8211; L&rsquo;<strong>association Sautron Astronomie<\/strong> vous accueillera pour des s\u00e9ances d&rsquo;observation du ciel le vendredi <strong>16 janvier, <\/strong>les samedis<strong> 17 et 24 janvier de 19h \u00e0 23h<\/strong>, \u00e0 l\u2019<strong>Espace de la Vall\u00e9e \u00e0 Sautron<\/strong>.<\/p>\n\n\n\n<p class=\"has-accent-color has-text-color has-link-color wp-elements-9e11e7a970502ce460c08e341c8aa9d3\"><strong>Infos pratiques :<\/strong><br>\ud83c\udfaf Parking de l\u2019Espace de la Vall\u00e9e \u00e0 Sautron<br>\ud83d\udcc5 Le vendredi 16 et les samedis 17 et 24 janvier \u00e0 partir de 19h<br><span style=\"color:#1560BD\">\ud83c\udf9f\ufe0f<\/span> Entr\u00e9e libre &#8211; Gratuit<br>\ud83d\udc67 <span style=\"color:#1560BD\">Grand public<\/span><\/p>\n\n\n\n<hr class=\"wp-block-separator has-text-color has-black-color has-alpha-channel-opacity has-black-background-color has-background is-style-default\"\/>\n\n\n\n<p>&#8211; Et, la <strong>Soci\u00e9t\u00e9 d&rsquo;Astronomie de Nantes<\/strong> vous donne rendez-vous pour une soir\u00e9e Ciels de Nantes, <em>\u00ab\u00a0Un croissant pour les plan\u00e8tes\u00a0\u00bb<\/em>, le<strong> samedi 24 janvier de 19h \u00e0 minuit<\/strong>, au <strong>Parc du Grand Blottereau \u00e0 Nantes<\/strong> (entr\u00e9e principale, bd Auguste P\u00e9neau).<\/p>\n\n\n\n<p>Au cours de cette veill\u00e9e aux \u00e9toiles, vous d\u00e9couvrirez le ciel de notre ville gr\u00e2ce \u00e0 diff\u00e9rents instruments.  D\u00e8s 19h,&nbsp;<strong>Saturne<\/strong>&nbsp;nous laissera admirer ses fins anneaux et ses nombreux satellites. Accompagn\u00e9 par un&nbsp;<strong>croisant lunaire<\/strong>, nous pourrons profiter de quelques unes des belles r\u00e9gions de crat\u00e8res tels que le trio&nbsp;<strong>Catherine, Cyrille et Th\u00e9ophile<\/strong>&nbsp;ou le duo&nbsp;<strong>Aristote<\/strong>&nbsp;et&nbsp;<strong>Eudoxe<\/strong>.  Enfin, <strong>Jupiter&nbsp;<\/strong>sera la reine de la soir\u00e9e, ses formations nuageuses plus ou moins complexes seront accompagn\u00e9es du ballet de ses satellites galil\u00e9ens. Sa fameuse tache rouge, fera son apparition vers 22h30 accompagnant le satellite Ganym\u00e8de qui se rapprochera du bord de la plan\u00e8te pour dispara\u00eetre.<br>Le parc du Grand Blottereau sera ce soir-l\u00e0 une gigantesque fen\u00eatre ouverte sur l&rsquo;Univers&nbsp;!<\/p>\n\n\n\n<p class=\"has-accent-color has-text-color has-link-color wp-elements-fa6fa6b7456b54aacce7e67dd9733958\"><strong>Infos pratiques :<\/strong><br>\ud83c\udfaf Parc du Grand Blottereau \u00e0 Nantes (entr\u00e9e principale, bd Auguste P\u00e9neau)<br>\ud83d\udcc5 Samedi 24 janvier de 19h \u00e0 minuit<br><span style=\"color:#1560BD\">\ud83c\udf9f\ufe0f<\/span> Entr\u00e9e libre &#8211; Gratuit<br>\ud83d\udc67 <span style=\"color:#1560BD\">Grand public<\/span><\/p>\n\n\n\n<div class=\"wp-block-media-text is-stacked-on-mobile\"><figure class=\"wp-block-media-text__media\"><img loading=\"lazy\" decoding=\"async\" width=\"1024\" height=\"680\" src=\"https:\/\/festivaldelaterreauxetoiles.fr\/wp-content\/uploads\/2025\/10\/NM184378-1024x680.jpg\" alt=\"\" class=\"wp-image-1041 size-large\" srcset=\"https:\/\/festivaldelaterreauxetoiles.fr\/wp-content\/uploads\/2025\/10\/NM184378-1024x680.jpg 1024w, https:\/\/festivaldelaterreauxetoiles.fr\/wp-content\/uploads\/2025\/10\/NM184378-300x199.jpg 300w, https:\/\/festivaldelaterreauxetoiles.fr\/wp-content\/uploads\/2025\/10\/NM184378-768x510.jpg 768w, https:\/\/festivaldelaterreauxetoiles.fr\/wp-content\/uploads\/2025\/10\/NM184378-900x598.jpg 900w, https:\/\/festivaldelaterreauxetoiles.fr\/wp-content\/uploads\/2025\/10\/NM184378.jpg 1100w\" sizes=\"auto, (max-width: 1024px) 100vw, 1024px\" \/><\/figure><div class=\"wp-block-media-text__content\">\n<p class=\"has-small-font-size\"><em>Observation nocturne propos\u00e9e par la Soci\u00e9t\u00e9 d\u2019Astronomie de Nantes (SAN) dans le cadre de sa programmation \u00ab\u00a0Ciels de Nantes\u00a0\u00bb au parc du Grand Blottereau, \u00e0 Nantes<\/em> <em>lors de la 1\u00e8re \u00e9dition.<\/em><\/p>\n<\/div><\/div>\n\n\n\n<figure class=\"wp-block-image size-large\"><img loading=\"lazy\" decoding=\"async\" width=\"681\" height=\"1024\" src=\"https:\/\/festivaldelaterreauxetoiles.fr\/wp-content\/uploads\/2025\/10\/NM184376-1-681x1024.jpg\" alt=\"\" class=\"wp-image-1042\" srcset=\"https:\/\/festivaldelaterreauxetoiles.fr\/wp-content\/uploads\/2025\/10\/NM184376-1-681x1024.jpg 681w, https:\/\/festivaldelaterreauxetoiles.fr\/wp-content\/uploads\/2025\/10\/NM184376-1-200x300.jpg 200w, https:\/\/festivaldelaterreauxetoiles.fr\/wp-content\/uploads\/2025\/10\/NM184376-1-768x1154.jpg 768w, https:\/\/festivaldelaterreauxetoiles.fr\/wp-content\/uploads\/2025\/10\/NM184376-1-1022x1536.jpg 1022w, https:\/\/festivaldelaterreauxetoiles.fr\/wp-content\/uploads\/2025\/10\/NM184376-1-900x1352.jpg 900w, https:\/\/festivaldelaterreauxetoiles.fr\/wp-content\/uploads\/2025\/10\/NM184376-1.jpg 1100w\" sizes=\"auto, (max-width: 681px) 100vw, 681px\" \/><\/figure>\n\n\n\n<p><\/p>\n","protected":false},"excerpt":{"rendered":"<p>&#8211; Le Club des Observateurs de la Chapelle-sur-Erdre et Le Cocher propose :&gt; des s\u00e9ances d&rsquo;observation du Soleil (visible et H-alpha) les samedis 10 janvier et 17 janvier \u00e0 partir de 14h, devant le Ch\u00e2teau de l&rsquo;Hopitau \u00e0 la Chapelle-sur-Erdre,&gt; des s\u00e9ances d&rsquo;observations du ciel profond et des plan\u00e8tes visibles les samedi 10 janvier et [&hellip;]<\/p>\n","protected":false},"author":1,"featured_media":0,"parent":0,"menu_order":0,"comment_status":"closed","ping_status":"closed","template":"","meta":{"footnotes":""},"class_list":["post-40","page","type-page","status-publish","hentry"],"_links":{"self":[{"href":"https:\/\/festivaldelaterreauxetoiles.fr\/index.php?rest_route=\/wp\/v2\/pages\/40","targetHints":{"allow":["GET"]}}],"collection":[{"href":"https:\/\/festivaldelaterreauxetoiles.fr\/index.php?rest_route=\/wp\/v2\/pages"}],"about":[{"href":"https:\/\/festivaldelaterreauxetoiles.fr\/index.php?rest_route=\/wp\/v2\/types\/page"}],"author":[{"embeddable":true,"href":"https:\/\/festivaldelaterreauxetoiles.fr\/index.php?rest_route=\/wp\/v2\/users\/1"}],"replies":[{"embeddable":true,"href":"https:\/\/festivaldelaterreauxetoiles.fr\/index.php?rest_route=%2Fwp%2Fv2%2Fcomments&post=40"}],"version-history":[{"count":47,"href":"https:\/\/festivaldelaterreauxetoiles.fr\/index.php?rest_route=\/wp\/v2\/pages\/40\/revisions"}],"predecessor-version":[{"id":1465,"href":"https:\/\/festivaldelaterreauxetoiles.fr\/index.php?rest_route=\/wp\/v2\/pages\/40\/revisions\/1465"}],"wp:attachment":[{"href":"https:\/\/festivaldelaterreauxetoiles.fr\/index.php?rest_route=%2Fwp%2Fv2%2Fmedia&parent=40"}],"curies":[{"name":"wp","href":"https:\/\/api.w.org\/{rel}","templated":true}]}}