{"id":3,"date":"2023-10-23T14:14:37","date_gmt":"2023-10-23T12:14:37","guid":{"rendered":"https:\/\/festivaldelaterreauxetoiles.fr\/?page_id=3"},"modified":"2025-09-22T17:21:40","modified_gmt":"2025-09-22T15:21:40","slug":"politique-de-confidentialite","status":"publish","type":"page","link":"https:\/\/festivaldelaterreauxetoiles.fr\/?page_id=3","title":{"rendered":"Mentions l\u00e9gales"},"content":{"rendered":"\n<p>L\u2019adresse de notre site est&nbsp;: <strong>https:\/\/festivaldelaterreauxetoiles.fr<\/strong> \u00e9dit\u00e9 par <br>le <strong>Laboratoire de Plan\u00e9tologie et G\u00e9osciences<\/strong>  (CNRS\/Nantes Univ.\/Univ. Angers\/Le Mans Univ.)<br> 2, rue de la Houssini\u00e8re<br>4322 Nantes cedex 3<\/p>\n\n\n\n<p><strong>Directeur de la publication<\/strong> : Benoit Langlais<br><strong>Responsable de la r\u00e9daction<\/strong> : Juliette Codron<br><\/p>\n\n\n\n<p><strong>H\u00e9bergement<\/strong><br>L\u2019h\u00e9bergeur du Site est : Nantes Universit\u00e9<br><\/p>\n\n\n\n<p><strong>Propri\u00e9t\u00e9 intellectuelle<\/strong><br>Les contenus, les textes, y compris les vid\u00e9os, les marques, les logos et les images qui apparaissent ou sont disponibles sur le Site, sont prot\u00e9g\u00e9s par le droit de la propri\u00e9t\u00e9 intellectuelle.<br>\u00c0 ce titre, vous vous engagez \u00e0 ne pas utiliser, extraire, copier, traduire, reproduire, vendre, publier, exploiter et diffuser des contenus du Site prot\u00e9g\u00e9s par le droit de la propri\u00e9t\u00e9 intellectuelle, sans autorisation pr\u00e9alable et \u00e9crite des organisateurs.<br><\/p>\n\n\n\n<p><strong>Signalement de contenus illicites<\/strong><br>Si vous estimez qu\u2019un contenu est illicite au sens de l\u2019art. 6-I de la loi n\u00b0 2004-575 du 21 juin 2004 pour la confiance dans l&rsquo;\u00e9conomie num\u00e9rique, vous pouvez le porter \u00e0 la connaissance de l\u2019h\u00e9bergeur sur la page \u00ab signaler un contenu illicite \u00bb.<\/p>\n","protected":false},"excerpt":{"rendered":"<p>L\u2019adresse de notre site est&nbsp;: https:\/\/festivaldelaterreauxetoiles.fr \u00e9dit\u00e9 par le Laboratoire de Plan\u00e9tologie et G\u00e9osciences (CNRS\/Nantes Univ.\/Univ. Angers\/Le Mans Univ.) 2, rue de la Houssini\u00e8re4322 Nantes cedex 3 Directeur de la publication : Benoit LanglaisResponsable de la r\u00e9daction : Juliette Codron H\u00e9bergementL\u2019h\u00e9bergeur du Site est : Nantes Universit\u00e9 Propri\u00e9t\u00e9 intellectuelleLes contenus, les textes, y compris les [&hellip;]<\/p>\n","protected":false},"author":1,"featured_media":770,"parent":0,"menu_order":0,"comment_status":"closed","ping_status":"open","template":"","meta":{"footnotes":""},"class_list":["post-3","page","type-page","status-publish","has-post-thumbnail","hentry"],"_links":{"self":[{"href":"https:\/\/festivaldelaterreauxetoiles.fr\/index.php?rest_route=\/wp\/v2\/pages\/3","targetHints":{"allow":["GET"]}}],"collection":[{"href":"https:\/\/festivaldelaterreauxetoiles.fr\/index.php?rest_route=\/wp\/v2\/pages"}],"about":[{"href":"https:\/\/festivaldelaterreauxetoiles.fr\/index.php?rest_route=\/wp\/v2\/types\/page"}],"author":[{"embeddable":true,"href":"https:\/\/festivaldelaterreauxetoiles.fr\/index.php?rest_route=\/wp\/v2\/users\/1"}],"replies":[{"embeddable":true,"href":"https:\/\/festivaldelaterreauxetoiles.fr\/index.php?rest_route=%2Fwp%2Fv2%2Fcomments&post=3"}],"version-history":[{"count":4,"href":"https:\/\/festivaldelaterreauxetoiles.fr\/index.php?rest_route=\/wp\/v2\/pages\/3\/revisions"}],"predecessor-version":[{"id":647,"href":"https:\/\/festivaldelaterreauxetoiles.fr\/index.php?rest_route=\/wp\/v2\/pages\/3\/revisions\/647"}],"wp:featuredmedia":[{"embeddable":true,"href":"https:\/\/festivaldelaterreauxetoiles.fr\/index.php?rest_route=\/wp\/v2\/media\/770"}],"wp:attachment":[{"href":"https:\/\/festivaldelaterreauxetoiles.fr\/index.php?rest_route=%2Fwp%2Fv2%2Fmedia&parent=3"}],"curies":[{"name":"wp","href":"https:\/\/api.w.org\/{rel}","templated":true}]}}