{"id":2,"date":"2023-10-23T14:14:37","date_gmt":"2023-10-23T12:14:37","guid":{"rendered":"https:\/\/festivaldelaterreauxetoiles.fr\/?page_id=2"},"modified":"2026-02-03T11:44:23","modified_gmt":"2026-02-03T10:44:23","slug":"page-d-exemple","status":"publish","type":"page","link":"https:\/\/festivaldelaterreauxetoiles.fr\/","title":{"rendered":"Festival \u00e9dition 2026"},"content":{"rendered":"\n<hr class=\"wp-block-separator has-text-color has-accent-color has-alpha-channel-opacity has-accent-background-color has-background is-style-default\"\/>\n\n\n\n<p class=\"has-text-align-center has-accent-color has-text-color has-link-color has-larger-font-size wp-elements-8eeb11d16998f8489f33d992f7d8404e\" style=\"font-style:normal;font-weight:700\">Le Festival de la Terre aux \u00e9toiles est d\u00e9sormais termin\u00e9 <strong>\u2728<\/strong><br>Merci pour ce succ\u00e8s exceptionnel ! <br>Rendez-vous en 2028 pour la 3\u00e8me \u00e9dition.<\/p>\n\n\n\n<hr class=\"wp-block-separator has-text-color has-accent-color has-alpha-channel-opacity has-accent-background-color has-background is-style-default\"\/>\n\n\n\n<div class=\"wp-block-media-text is-stacked-on-mobile\"><figure class=\"wp-block-media-text__media\"><img loading=\"lazy\" decoding=\"async\" width=\"320\" height=\"240\" src=\"https:\/\/festivaldelaterreauxetoiles.fr\/wp-content\/uploads\/2025\/09\/cropped-cropped-cropped-Design-sans-titre-11.png\" alt=\"\" class=\"wp-image-812 size-full\" srcset=\"https:\/\/festivaldelaterreauxetoiles.fr\/wp-content\/uploads\/2025\/09\/cropped-cropped-cropped-Design-sans-titre-11.png 320w, https:\/\/festivaldelaterreauxetoiles.fr\/wp-content\/uploads\/2025\/09\/cropped-cropped-cropped-Design-sans-titre-11-300x225.png 300w\" sizes=\"auto, (max-width: 320px) 100vw, 320px\" \/><\/figure><div class=\"wp-block-media-text__content\">\n<p class=\"has-text-align-center\">Pour sa 2\u00e8me \u00e9dition du 10 au 25 janvier 2026,<strong> le festival d&rsquo;Astronomie <\/strong>vous invite \u00e0<strong> voyager au rythme des \u00ab\u00a0Regards\u00a0\u00bb<\/strong> !<\/p>\n\n\n\n<p><\/p>\n<\/div><\/div>\n\n\n\n<div class=\"wp-block-media-text has-media-on-the-right is-stacked-on-mobile\"><div class=\"wp-block-media-text__content\">\n<p class=\"has-text-align-center\"><strong>Le festival explorera comment nos regards, scientifiques, artistiques, litt\u00e9raires et philosophiques, nous permettent de contempler et de comprendre le Ciel et l\u2019Univers qui nous entourent.<\/strong><\/p>\n<\/div><figure class=\"wp-block-media-text__media\"><a href=\"https:\/\/festivaldelaterreauxetoiles.fr\/wp-content\/uploads\/2025\/12\/Programme-20-pages-BD.pdf\" target=\"_blank\" rel=\" noreferrer noopener\"><img loading=\"lazy\" decoding=\"async\" width=\"724\" height=\"1024\" src=\"https:\/\/festivaldelaterreauxetoiles.fr\/wp-content\/uploads\/2025\/10\/A3-Fest_Astronomie26_V03B-724x1024.jpg\" alt=\"\" class=\"wp-image-1102 size-full\" srcset=\"https:\/\/festivaldelaterreauxetoiles.fr\/wp-content\/uploads\/2025\/10\/A3-Fest_Astronomie26_V03B-724x1024.jpg 724w, https:\/\/festivaldelaterreauxetoiles.fr\/wp-content\/uploads\/2025\/10\/A3-Fest_Astronomie26_V03B-212x300.jpg 212w, https:\/\/festivaldelaterreauxetoiles.fr\/wp-content\/uploads\/2025\/10\/A3-Fest_Astronomie26_V03B-768x1086.jpg 768w, https:\/\/festivaldelaterreauxetoiles.fr\/wp-content\/uploads\/2025\/10\/A3-Fest_Astronomie26_V03B-1087x1536.jpg 1087w, https:\/\/festivaldelaterreauxetoiles.fr\/wp-content\/uploads\/2025\/10\/A3-Fest_Astronomie26_V03B-900x1272.jpg 900w, https:\/\/festivaldelaterreauxetoiles.fr\/wp-content\/uploads\/2025\/10\/A3-Fest_Astronomie26_V03B.jpg 1100w\" sizes=\"auto, (max-width: 724px) 100vw, 724px\" \/><\/a><\/figure><\/div>\n\n\n\n<div class=\"wp-block-group\"><div class=\"wp-block-group__inner-container is-layout-constrained wp-block-group-is-layout-constrained\">\n<div class=\"wp-block-group\"><div class=\"wp-block-group__inner-container is-layout-constrained wp-block-group-is-layout-constrained\">\n<p>Depuis la premi\u00e8re observation <strong>\u00e0 l\u2019\u0153il nu <\/strong>jusqu\u2019aux images vertigineuses capt\u00e9es par les <strong>rovers<\/strong> et les <strong>sondes spatiales<\/strong>, partez pour <strong>une travers\u00e9e du temps et de l\u2019espace<\/strong>.<\/p>\n<\/div><\/div>\n<\/div><\/div>\n\n\n\n<p>\u00c0 travers un <strong>v\u00e9ritable voyage dans le temps<\/strong>, le festival retracera l\u2019\u00e9volution de notre <strong><em>regard <\/em><\/strong>sur l\u2019Univers :<\/p>\n\n\n\n<p>\u2022&nbsp;&nbsp; Des premi\u00e8res observations du ciel par l&rsquo;homme aux d\u00e9couvertes r\u00e9v\u00e9l\u00e9es par les t\u00e9lescopes et grands observatoires terrestres,<\/p>\n\n\n\n<p>\u2022&nbsp;&nbsp;&nbsp;De la conqu\u00eate spatiale, avec les sondes et les astronautes offrant des images in\u00e9dites de la Terre et des astres,<\/p>\n\n\n\n<p>\u2022&nbsp;&nbsp;&nbsp;Jusqu\u2019aux missions robotiques et cam\u00e9ras spatiales d\u2019aujourd\u2019hui, qui d\u00e9voilent des mondes insoup\u00e7onn\u00e9s<br><br><strong>D\u00e9couvrez comment, si\u00e8cle apr\u00e8s si\u00e8cle, l&rsquo;humanit\u00e9 n&rsquo;a cess\u00e9 de repousser les fronti\u00e8res de l\u2019inconnu\u2026\u2728&nbsp;!<\/strong><\/p>\n\n\n\n<p><\/p>\n\n\n\n<p class=\"has-text-align-center\"><strong>Pendant deux semaines d\u2019exp\u00e9riences uniques, le festival d\u2019Astronomie<em> \u00ab De la Terre aux \u00c9toiles \u00bb<\/em> vous propose :<\/strong><br><br>\ud83c\udfa4 Conf\u00e9rences inspirantes<br>\ud83d\udd2d Observations guid\u00e9es du ciel<br>\ud83d\uddbc\ufe0f Expositions<br>\ud83c\udfa5 Projections et voyages immersifs<br>\ud83e\ude90 S\u00e9ances au Plan\u00e9tarium<br>\ud83c\udfbb Performances artistiques<br>\ud83c\udf19 Animations pour tous<br>\u2026<\/p>\n\n\n\n<p><strong>Un rendez-vous incontournable o\u00f9 petits et grands, curieux et passionn\u00e9s, se retrouvent pour lever les yeux vers le ciel, voyager dans l&rsquo;immensit\u00e9 de l&rsquo;espace et r\u00eaver de toucher les \u00e9toiles \u2728\ud83c\udf20&nbsp;!<\/strong><\/p>\n\n\n\n<p><a href=\"https:\/\/festivaldelaterreauxetoiles.fr\/wp-content\/uploads\/2025\/12\/Programme-20-pages-BD.pdf\" target=\"_blank\" rel=\"noreferrer noopener\">\ud83d\udcc5<strong> Cliquez ici pour consulter le programme complet du festival ainsi que les modalit\u00e9s de r\u00e9servation.<\/strong><\/a><br><\/p>\n\n\n\n<div class=\"wp-block-group\"><div class=\"wp-block-group__inner-container is-layout-constrained wp-block-group-is-layout-constrained\">\n<div class=\"wp-block-columns are-vertically-aligned-center is-layout-flex wp-container-core-columns-is-layout-9d6595d7 wp-block-columns-is-layout-flex\">\n<div class=\"wp-block-column is-vertically-aligned-center is-layout-flow wp-block-column-is-layout-flow\"><div class=\"wp-block-image\">\n<figure class=\"aligncenter size-large\"><img loading=\"lazy\" decoding=\"async\" width=\"1024\" height=\"1024\" src=\"https:\/\/festivaldelaterreauxetoiles.fr\/wp-content\/uploads\/2025\/09\/Initiateurs-du-Festival-dAstronomie-De-la-Terre-aux-Etoiles-3-1-1024x1024.png\" alt=\"\" class=\"wp-image-729\" srcset=\"https:\/\/festivaldelaterreauxetoiles.fr\/wp-content\/uploads\/2025\/09\/Initiateurs-du-Festival-dAstronomie-De-la-Terre-aux-Etoiles-3-1-1024x1024.png 1024w, https:\/\/festivaldelaterreauxetoiles.fr\/wp-content\/uploads\/2025\/09\/Initiateurs-du-Festival-dAstronomie-De-la-Terre-aux-Etoiles-3-1-300x300.png 300w, https:\/\/festivaldelaterreauxetoiles.fr\/wp-content\/uploads\/2025\/09\/Initiateurs-du-Festival-dAstronomie-De-la-Terre-aux-Etoiles-3-1-150x150.png 150w, https:\/\/festivaldelaterreauxetoiles.fr\/wp-content\/uploads\/2025\/09\/Initiateurs-du-Festival-dAstronomie-De-la-Terre-aux-Etoiles-3-1-768x768.png 768w, https:\/\/festivaldelaterreauxetoiles.fr\/wp-content\/uploads\/2025\/09\/Initiateurs-du-Festival-dAstronomie-De-la-Terre-aux-Etoiles-3-1-88x88.png 88w, https:\/\/festivaldelaterreauxetoiles.fr\/wp-content\/uploads\/2025\/09\/Initiateurs-du-Festival-dAstronomie-De-la-Terre-aux-Etoiles-3-1-900x900.png 900w, https:\/\/festivaldelaterreauxetoiles.fr\/wp-content\/uploads\/2025\/09\/Initiateurs-du-Festival-dAstronomie-De-la-Terre-aux-Etoiles-3-1.png 1080w\" sizes=\"auto, (max-width: 1024px) 100vw, 1024px\" \/><\/figure>\n<\/div><\/div>\n\n\n\n<div class=\"wp-block-column is-vertically-aligned-center is-layout-flow wp-block-column-is-layout-flow\">\n<p>Port\u00e9 par le <strong>Plan\u00e9tarium de Nantes<\/strong>, le <strong>Laboratoire de Plan\u00e9tologie et G\u00e9osciences<\/strong>, la <strong>Soci\u00e9t\u00e9 d\u2019Astronomie de Nantes<\/strong> et <strong>l\u2019association M\u00e9ridienne<\/strong>, le festival r\u00e9unit de nombreux partenaires : mus\u00e9es, m\u00e9diath\u00e8ques, associations, cin\u00e9mas, laboratoires scientifiques, artistes et passionn\u00e9s.<\/p>\n<\/div>\n<\/div>\n<\/div><\/div>\n\n\n\n<p>Dans la continuit\u00e9 de la 1<sup>\u00e8re<\/sup> \u00e9dition, les partenaires souhaitent au travers de cet \u00e9v\u00e8nement m\u00e9tropolitain <strong>continuer de partager avec le public et les scolaires les connaissances actuelles ainsi que leur passion pour le Ciel et l\u2019Univers <\/strong>qui nous entourent. Dans un monde en pleine transition, notre place dans l\u2019Univers et sur la Terre sera questionn\u00e9e, la d\u00e9marche scientifique illustrera les sujets modernes de science, d\u2019environnement, d\u2019\u00e9galit\u00e9\u2026 et incitera le public \u00e0 prendre part \u00e0 toutes ces \u00e9volutions.<\/p>\n\n\n\n<p><\/p>\n\n\n\n<div class=\"wp-block-media-text is-stacked-on-mobile is-vertically-aligned-center\"><figure class=\"wp-block-media-text__media\"><img loading=\"lazy\" decoding=\"async\" width=\"724\" height=\"1024\" src=\"https:\/\/festivaldelaterreauxetoiles.fr\/wp-content\/uploads\/2025\/10\/En-partenariat-avec--724x1024.jpg\" alt=\"\" class=\"wp-image-986 size-full\" srcset=\"https:\/\/festivaldelaterreauxetoiles.fr\/wp-content\/uploads\/2025\/10\/En-partenariat-avec--724x1024.jpg 724w, https:\/\/festivaldelaterreauxetoiles.fr\/wp-content\/uploads\/2025\/10\/En-partenariat-avec--212x300.jpg 212w, https:\/\/festivaldelaterreauxetoiles.fr\/wp-content\/uploads\/2025\/10\/En-partenariat-avec--768x1086.jpg 768w, https:\/\/festivaldelaterreauxetoiles.fr\/wp-content\/uploads\/2025\/10\/En-partenariat-avec--1087x1536.jpg 1087w, https:\/\/festivaldelaterreauxetoiles.fr\/wp-content\/uploads\/2025\/10\/En-partenariat-avec--900x1272.jpg 900w, https:\/\/festivaldelaterreauxetoiles.fr\/wp-content\/uploads\/2025\/10\/En-partenariat-avec-.jpg 1100w\" sizes=\"auto, (max-width: 724px) 100vw, 724px\" \/><\/figure><div class=\"wp-block-media-text__content\">\n<p class=\"has-text-align-left\"><strong>Le festival <em>\u00ab\u00a0De la Terre aux \u00c9toiles\u00a0\u00bb<\/em>  peut compter sur l&rsquo;implication et le soutien pr\u00e9cieux de ses partenaires.<\/strong><\/p>\n<\/div><\/div>\n\n\n\n<p><\/p>\n","protected":false},"excerpt":{"rendered":"<p>Le Festival de la Terre aux \u00e9toiles est d\u00e9sormais termin\u00e9 \u2728Merci pour ce succ\u00e8s exceptionnel ! Rendez-vous en 2028 pour la 3\u00e8me \u00e9dition. Pour sa 2\u00e8me \u00e9dition du 10 au 25 janvier 2026, le festival d&rsquo;Astronomie vous invite \u00e0 voyager au rythme des \u00ab\u00a0Regards\u00a0\u00bb ! Le festival explorera comment nos regards, scientifiques, artistiques, litt\u00e9raires et [&hellip;]<\/p>\n","protected":false},"author":1,"featured_media":0,"parent":0,"menu_order":0,"comment_status":"closed","ping_status":"closed","template":"","meta":{"footnotes":""},"class_list":["post-2","page","type-page","status-publish","hentry"],"_links":{"self":[{"href":"https:\/\/festivaldelaterreauxetoiles.fr\/index.php?rest_route=\/wp\/v2\/pages\/2","targetHints":{"allow":["GET"]}}],"collection":[{"href":"https:\/\/festivaldelaterreauxetoiles.fr\/index.php?rest_route=\/wp\/v2\/pages"}],"about":[{"href":"https:\/\/festivaldelaterreauxetoiles.fr\/index.php?rest_route=\/wp\/v2\/types\/page"}],"author":[{"embeddable":true,"href":"https:\/\/festivaldelaterreauxetoiles.fr\/index.php?rest_route=\/wp\/v2\/users\/1"}],"replies":[{"embeddable":true,"href":"https:\/\/festivaldelaterreauxetoiles.fr\/index.php?rest_route=%2Fwp%2Fv2%2Fcomments&post=2"}],"version-history":[{"count":109,"href":"https:\/\/festivaldelaterreauxetoiles.fr\/index.php?rest_route=\/wp\/v2\/pages\/2\/revisions"}],"predecessor-version":[{"id":1643,"href":"https:\/\/festivaldelaterreauxetoiles.fr\/index.php?rest_route=\/wp\/v2\/pages\/2\/revisions\/1643"}],"wp:attachment":[{"href":"https:\/\/festivaldelaterreauxetoiles.fr\/index.php?rest_route=%2Fwp%2Fv2%2Fmedia&parent=2"}],"curies":[{"name":"wp","href":"https:\/\/api.w.org\/{rel}","templated":true}]}}