{"id":191,"date":"2023-11-15T15:26:10","date_gmt":"2023-11-15T14:26:10","guid":{"rendered":"https:\/\/festivaldelaterreauxetoiles.fr\/?page_id=191"},"modified":"2026-02-05T11:39:14","modified_gmt":"2026-02-05T10:39:14","slug":"contacts","status":"publish","type":"page","link":"https:\/\/festivaldelaterreauxetoiles.fr\/?page_id=191","title":{"rendered":"Contacts &#038; modalit\u00e9s de r\u00e9servation"},"content":{"rendered":"\n<p>&#8211; <strong>Informations compl\u00e9mentaires <\/strong>sur le festival : 02 40 73 99 23 \/ <a href=\"mailto:contact@festivaldelaterreauxetoiles.fr\">contact@festivaldelaterreauxetoiles.fr<\/a><\/p>\n\n\n\n<p>&#8211; <strong>Pour toute r\u00e9servation, billetterie ou information<\/strong> touchant un des \u00e9v\u00e8nements du festival : se r\u00e9f\u00e9rer aux coordonn\u00e9es communiqu\u00e9es <\/p>\n\n\n\n<p>&#8211; <strong>Co-cr\u00e9ation<\/strong> <strong>et coordination<\/strong> : <strong>Association M\u00e9ridienne<\/strong> : Colette Le Lay \/ <strong>Plan\u00e9tarium<\/strong> : V\u00e9ronique Dubois \/ <strong>Soci\u00e9t\u00e9 d&rsquo;Astronomie de Nantes<\/strong> : Fr\u00e9d\u00e9ric Brion \/ <strong>Laboratoire de Plan\u00e9tologie et G\u00e9osciences (CNRS \/ Nantes Universit\u00e9) <\/strong>: St\u00e9phanie Beaunay<\/p>\n\n\n\n<p>&#8211; <strong>Cr\u00e9ation visuelle<\/strong> : Studio Lupi <\/p>\n\n\n\n<p>&#8211; <strong>Cr\u00e9dits photos<\/strong> : Plan\u00e9tarium de Nantes\/Association M\u00e9ridienne\/Soci\u00e9t\u00e9 d&rsquo;Astronomie de Nantes et Laboratoire de Plan\u00e9tologie et G\u00e9osciences (CNRS \/ Nantes Universit\u00e9)<\/p>\n\n\n\n<p><\/p>\n\n\n\n<p><\/p>\n\n\n\n<p><\/p>\n","protected":false},"excerpt":{"rendered":"<p>&#8211; Informations compl\u00e9mentaires sur le festival : 02 40 73 99 23 \/ contact@festivaldelaterreauxetoiles.fr &#8211; Pour toute r\u00e9servation, billetterie ou information touchant un des \u00e9v\u00e8nements du festival : se r\u00e9f\u00e9rer aux coordonn\u00e9es communiqu\u00e9es &#8211; Co-cr\u00e9ation et coordination : Association M\u00e9ridienne : Colette Le Lay \/ Plan\u00e9tarium : V\u00e9ronique Dubois \/ Soci\u00e9t\u00e9 d&rsquo;Astronomie de Nantes : [&hellip;]<\/p>\n","protected":false},"author":1,"featured_media":770,"parent":0,"menu_order":0,"comment_status":"closed","ping_status":"closed","template":"","meta":{"footnotes":""},"class_list":["post-191","page","type-page","status-publish","has-post-thumbnail","hentry"],"_links":{"self":[{"href":"https:\/\/festivaldelaterreauxetoiles.fr\/index.php?rest_route=\/wp\/v2\/pages\/191","targetHints":{"allow":["GET"]}}],"collection":[{"href":"https:\/\/festivaldelaterreauxetoiles.fr\/index.php?rest_route=\/wp\/v2\/pages"}],"about":[{"href":"https:\/\/festivaldelaterreauxetoiles.fr\/index.php?rest_route=\/wp\/v2\/types\/page"}],"author":[{"embeddable":true,"href":"https:\/\/festivaldelaterreauxetoiles.fr\/index.php?rest_route=\/wp\/v2\/users\/1"}],"replies":[{"embeddable":true,"href":"https:\/\/festivaldelaterreauxetoiles.fr\/index.php?rest_route=%2Fwp%2Fv2%2Fcomments&post=191"}],"version-history":[{"count":22,"href":"https:\/\/festivaldelaterreauxetoiles.fr\/index.php?rest_route=\/wp\/v2\/pages\/191\/revisions"}],"predecessor-version":[{"id":1644,"href":"https:\/\/festivaldelaterreauxetoiles.fr\/index.php?rest_route=\/wp\/v2\/pages\/191\/revisions\/1644"}],"wp:featuredmedia":[{"embeddable":true,"href":"https:\/\/festivaldelaterreauxetoiles.fr\/index.php?rest_route=\/wp\/v2\/media\/770"}],"wp:attachment":[{"href":"https:\/\/festivaldelaterreauxetoiles.fr\/index.php?rest_route=%2Fwp%2Fv2%2Fmedia&parent=191"}],"curies":[{"name":"wp","href":"https:\/\/api.w.org\/{rel}","templated":true}]}}